{"id":10788,"date":"2025-10-31T14:09:55","date_gmt":"2025-10-31T13:09:55","guid":{"rendered":"https:\/\/zylinc.com\/?page_id=10788"},"modified":"2026-01-22T13:36:33","modified_gmt":"2026-01-22T12:36:33","slug":"zylinc-engage","status":"publish","type":"page","link":"https:\/\/zylinc.com\/da\/zylinc-engage\/","title":{"rendered":"Zylinc Engage"},"content":{"rendered":"\n<div class=\"has-nordic-blue-background-color wp-block-cover is-light has-custom-content-position is-position-bottom-left\" style=\"min-height:479px;aspect-ratio:unset;\"><img fetchpriority=\"high\" decoding=\"async\" width=\"1024\" height=\"683\" class=\"wp-block-cover__image-background wp-image-3884 size-large\" alt=\"\" src=\"https:\/\/zylinc.com\/wp-content\/uploads\/2023\/08\/explaining-project-points_1098-15436-1024x683.jpg\" style=\"object-position:31% 29%\" data-object-fit=\"cover\" data-object-position=\"31% 29%\" srcset=\"https:\/\/zylinc.com\/wp-content\/uploads\/2023\/08\/explaining-project-points_1098-15436-1024x683.jpg 1024w, https:\/\/zylinc.com\/wp-content\/uploads\/2023\/08\/explaining-project-points_1098-15436-300x200.jpg 300w, https:\/\/zylinc.com\/wp-content\/uploads\/2023\/08\/explaining-project-points_1098-15436-768x512.jpg 768w, https:\/\/zylinc.com\/wp-content\/uploads\/2023\/08\/explaining-project-points_1098-15436-1536x1024.jpg 1536w, https:\/\/zylinc.com\/wp-content\/uploads\/2023\/08\/explaining-project-points_1098-15436.jpg 1800w\" sizes=\"(max-width: 1024px) 100vw, 1024px\" \/><span aria-hidden=\"true\" class=\"wp-block-cover__background has-nordic-blue-background-color has-background-dim-20 has-background-dim\"><\/span><div class=\"wp-block-cover__inner-container is-layout-flow wp-block-cover-is-layout-flow\">\n<p class=\"has-text-align-left has-white-color has-text-color has-tiny-font-size\">zylinc engage<\/p>\n\n\n\n<h1 class=\"wp-block-heading has-white-color has-text-color\">Din indgang til viden, inspiration og dialog<\/h1>\n\n\n\n<p class=\"has-white-color has-text-color\">Her finder du nyheder, faglig viden, guides og events.<\/p>\n\n\n\n<p class=\"has-white-color has-text-color\">F\u00f8lg med, deltag og f\u00e5 den nyeste indsigt i kundeservice, teknologi og Zylincs univers. <\/p>\n<\/div><\/div>\n\n\n\n<div class=\"wp-block-media-text is-stacked-on-mobile\" style=\"grid-template-columns:30% auto\"><figure class=\"wp-block-media-text__media\"><img decoding=\"async\" width=\"533\" height=\"720\" src=\"https:\/\/zylinc.com\/wp-content\/uploads\/2025\/12\/skaermbillede-2025-12-01-130332-cropped.png\" alt=\"\" class=\"wp-image-10983 size-full\" srcset=\"https:\/\/zylinc.com\/wp-content\/uploads\/2025\/12\/skaermbillede-2025-12-01-130332-cropped.png 533w, https:\/\/zylinc.com\/wp-content\/uploads\/2025\/12\/skaermbillede-2025-12-01-130332-cropped-222x300.png 222w\" sizes=\"(max-width: 533px) 100vw, 533px\" \/><\/figure><div class=\"wp-block-media-text__content\">\n<h2 class=\"wp-block-heading\">Nyhedsbrev<\/h2>\n\n\n\n<p><\/p>\n\n\n\n<p>F\u00e5 faglig inspiration, nyheder og opdateringer direkte i din indbakke. Vi deler viden om tendenser i kundeservice, nye muligheder i Zylinc og gode r\u00e5d til, hvordan du kan styrke kundeoplevelsen i din organisation.<\/p>\n\n\n\n<div class=\"wp-block-buttons is-layout-flex wp-block-buttons-is-layout-flex\">\n<div class=\"wp-block-button\"><a class=\"wp-block-button__link wp-element-button\" href=\"https:\/\/zylinc.com\/da\/engage-zylinc-nyhedsbrev\/\" target=\"_blank\" rel=\"noreferrer noopener\">MOdtag nyhedsbrev<\/a><\/div>\n<\/div>\n<\/div><\/div>\n\n\n\n<div class=\"wp-block-columns has-light-grey-background-color has-background is-layout-flex wp-container-core-columns-is-layout-9d6595d7 wp-block-columns-is-layout-flex\">\n<div class=\"wp-block-column is-layout-flow wp-block-column-is-layout-flow\">\n<div class=\"wp-block-columns is-layout-flex wp-container-core-columns-is-layout-9d6595d7 wp-block-columns-is-layout-flex\">\n<div class=\"wp-block-column is-layout-flow wp-block-column-is-layout-flow\">\n<p><\/p>\n\n\n\n<p><\/p>\n\n\n\n<p><\/p>\n\n\n\n<h2 class=\"wp-block-heading\">LinkedIn<\/h2>\n\n\n\n<p>Skift kanal og f\u00f8lg os p\u00e5 LinkedIn.<\/p>\n\n\n\n<div class=\"wp-block-buttons is-layout-flex wp-block-buttons-is-layout-flex\">\n<div class=\"wp-block-button\"><a class=\"wp-block-button__link wp-element-button\" href=\"https:\/\/www.linkedin.com\/uas\/login?session_redirect=https%3A%2F%2Fwww.linkedin.com%2Ffeed%2F\" target=\"_blank\" rel=\"noreferrer noopener\">G\u00e5 til linkedin<\/a><\/div>\n<\/div>\n<\/div>\n\n\n\n<div class=\"wp-block-column is-layout-flow wp-block-column-is-layout-flow\">\n<figure class=\"wp-block-image size-full\"><img decoding=\"async\" width=\"854\" height=\"684\" src=\"https:\/\/zylinc.com\/wp-content\/uploads\/2025\/12\/skaermbillede-2025-12-08-095314.png\" alt=\"\" class=\"wp-image-10979\" srcset=\"https:\/\/zylinc.com\/wp-content\/uploads\/2025\/12\/skaermbillede-2025-12-08-095314.png 854w, https:\/\/zylinc.com\/wp-content\/uploads\/2025\/12\/skaermbillede-2025-12-08-095314-300x240.png 300w, https:\/\/zylinc.com\/wp-content\/uploads\/2025\/12\/skaermbillede-2025-12-08-095314-768x615.png 768w\" sizes=\"(max-width: 854px) 100vw, 854px\" \/><\/figure>\n<\/div>\n<\/div>\n<\/div>\n<\/div>\n\n\n\n<div class=\"wp-block-columns has-nordic-light-blue-background-color has-background is-layout-flex wp-container-core-columns-is-layout-9d6595d7 wp-block-columns-is-layout-flex\">\n<div class=\"wp-block-column is-layout-flow wp-block-column-is-layout-flow\">\n<div class=\"wp-block-media-text is-stacked-on-mobile\"><figure class=\"wp-block-media-text__media\"><img loading=\"lazy\" decoding=\"async\" width=\"1024\" height=\"768\" src=\"https:\/\/zylinc.com\/wp-content\/uploads\/2025\/06\/image-25.jpg\" alt=\"\" class=\"wp-image-8863 size-full\" srcset=\"https:\/\/zylinc.com\/wp-content\/uploads\/2025\/06\/image-25.jpg 1024w, https:\/\/zylinc.com\/wp-content\/uploads\/2025\/06\/image-25-300x225.jpg 300w, https:\/\/zylinc.com\/wp-content\/uploads\/2025\/06\/image-25-768x576.jpg 768w\" sizes=\"(max-width: 1024px) 100vw, 1024px\" \/><\/figure><div class=\"wp-block-media-text__content\">\n<p><\/p>\n\n\n\n<h2 class=\"wp-block-heading\">Events og messer<\/h2>\n\n\n\n<p>M\u00f8d os til seminarer, ERFA-m\u00f8der, brugergrupper og messer. Eller meld dig til vores webinarer. P\u00e5 eventsiden kan du se kommende aktiviteter og tilmelde dig \u2013 en oplagt mulighed for at hente inspiration, f\u00e5 nye kontakter og dele erfaringer med andre.<\/p>\n\n\n\n<div class=\"wp-block-buttons is-layout-flex wp-block-buttons-is-layout-flex\">\n<div class=\"wp-block-button\"><a class=\"wp-block-button__link wp-element-button\" href=\"https:\/\/zylinc.com\/da\/messer-seminarer-og-erfa-dage\/\" target=\"_blank\" rel=\"noreferrer noopener\">se, hvor du kan m\u00f8de os n\u00e6ste gang<\/a><\/div>\n<\/div>\n<\/div><\/div>\n<\/div>\n<\/div>\n\n\n\n<div class=\"wp-block-columns has-white-background-color has-background is-layout-flex wp-container-core-columns-is-layout-9d6595d7 wp-block-columns-is-layout-flex\">\n<div class=\"wp-block-column is-layout-flow wp-block-column-is-layout-flow\">\n<div class=\"wp-block-media-text has-media-on-the-right is-stacked-on-mobile\" style=\"grid-template-columns:auto 30%\"><div class=\"wp-block-media-text__content\">\n<h2 class=\"wp-block-heading\">Artikler og white papers&nbsp;<\/h2>\n\n\n\n<p>Dyk ned i artikler, white papers og guides om emner som Customer Insights, agent-coaching og AI-underst\u00f8ttede services. Her vil du ogs\u00e5 snart kunne m\u00f8de vores <em>Pas p\u00e5 Hinanden<\/em>-univers, hvor vi s\u00e6tter fokus p\u00e5 en kundeservice-kultur pr\u00e6get af respekt, empati og tryghed.<\/p>\n\n\n\n<div class=\"wp-block-buttons is-layout-flex wp-block-buttons-is-layout-flex\">\n<div class=\"wp-block-button\"><a class=\"wp-block-button__link wp-element-button\" href=\"https:\/\/zylinc.com\/da\/blog\/\" target=\"_blank\" rel=\"noreferrer noopener\">bes\u00f8g vores blog her<\/a><\/div>\n<\/div>\n<\/div><figure class=\"wp-block-media-text__media\"><img loading=\"lazy\" decoding=\"async\" width=\"853\" height=\"1024\" src=\"https:\/\/zylinc.com\/wp-content\/uploads\/2025\/12\/skaermbillede-2025-12-01-125953-853x1024.jpg\" alt=\"\" class=\"wp-image-10882 size-full\" srcset=\"https:\/\/zylinc.com\/wp-content\/uploads\/2025\/12\/skaermbillede-2025-12-01-125953-853x1024.jpg 853w, https:\/\/zylinc.com\/wp-content\/uploads\/2025\/12\/skaermbillede-2025-12-01-125953-250x300.jpg 250w, https:\/\/zylinc.com\/wp-content\/uploads\/2025\/12\/skaermbillede-2025-12-01-125953-768x922.jpg 768w, https:\/\/zylinc.com\/wp-content\/uploads\/2025\/12\/skaermbillede-2025-12-01-125953.jpg 1055w\" sizes=\"(max-width: 853px) 100vw, 853px\" \/><\/figure><\/div>\n<\/div>\n<\/div>\n\n\n\n<div class=\"wp-block-group has-nordic-blue-background-color has-background is-layout-flow wp-block-group-is-layout-flow\">\n<div class=\"wp-block-columns is-layout-flex wp-container-core-columns-is-layout-9d6595d7 wp-block-columns-is-layout-flex\">\n<div class=\"wp-block-column is-vertically-aligned-center is-layout-flow wp-block-column-is-layout-flow\">\n<div class=\"wp-block-media-text is-stacked-on-mobile\"><figure class=\"wp-block-media-text__media\"><img loading=\"lazy\" decoding=\"async\" width=\"1024\" height=\"683\" src=\"https:\/\/zylinc.com\/wp-content\/uploads\/2026\/01\/drift-service-1024x683.jpg\" alt=\"\" class=\"wp-image-11129 size-full\" srcset=\"https:\/\/zylinc.com\/wp-content\/uploads\/2026\/01\/drift-service-1024x683.jpg 1024w, https:\/\/zylinc.com\/wp-content\/uploads\/2026\/01\/drift-service-300x200.jpg 300w, https:\/\/zylinc.com\/wp-content\/uploads\/2026\/01\/drift-service-768x512.jpg 768w, https:\/\/zylinc.com\/wp-content\/uploads\/2026\/01\/drift-service.jpg 1536w\" sizes=\"(max-width: 1024px) 100vw, 1024px\" \/><\/figure><div class=\"wp-block-media-text__content\">\n<h2 class=\"wp-block-heading\">Service og driftsinformation<\/h2>\n\n\n\n<p><\/p>\n\n\n\n<p>Hold dig opdateret p\u00e5 driftsinformation og planlagte servicevinduer. Her kan du tilmelde dig notifikationer, s\u00e5 du altid har den nyeste status p\u00e5 dine Zylinc-l\u00f8sninger.<\/p>\n\n\n\n<div class=\"wp-block-buttons is-layout-flex wp-block-buttons-is-layout-flex\">\n<div class=\"wp-block-button\"><a class=\"wp-block-button__link wp-element-button\" href=\"https:\/\/zylinc.zendesk.com\/hc\/da-dk\/categories\/20061689545116-Information-om-drift-servicevinduer\" target=\"_blank\" rel=\"noreferrer noopener\">information om drift og servicevinduer<\/a><\/div>\n<\/div>\n\n\n\n<p><\/p>\n<\/div><\/div>\n<\/div>\n<\/div>\n<\/div>\n\n\n\n<div class=\"wp-block-columns has-nordic-light-blue-background-color has-background is-layout-flex wp-container-core-columns-is-layout-9d6595d7 wp-block-columns-is-layout-flex\">\n<div class=\"wp-block-column is-vertically-aligned-center is-layout-flow wp-block-column-is-layout-flow\">\n<div class=\"wp-block-media-text has-media-on-the-right is-stacked-on-mobile\"><div class=\"wp-block-media-text__content\">\n<h2 class=\"wp-block-heading\">Release Notes<\/h2>\n\n\n\n<p><\/p>\n\n\n\n<p>Her kan du se alle vores Release Notes og f\u00e5 overblik over, hvad der er nyt.<\/p>\n\n\n\n<div class=\"wp-block-buttons is-layout-flex wp-block-buttons-is-layout-flex\">\n<div class=\"wp-block-button\"><a class=\"wp-block-button__link wp-element-button\" href=\"https:\/\/zylinc.zendesk.com\/hc\/da-dk\/sections\/8810050887964-Release-notes\" target=\"_blank\" rel=\"noreferrer noopener\">Se release notes<\/a><\/div>\n<\/div>\n\n\n\n<p><\/p>\n<\/div><figure class=\"wp-block-media-text__media\"><img loading=\"lazy\" decoding=\"async\" width=\"1024\" height=\"683\" src=\"https:\/\/zylinc.com\/wp-content\/uploads\/2025\/11\/chatgpt-image-21-nov-2025-13-24-49-1024x683.jpg\" alt=\"\" class=\"wp-image-10850 size-full\" srcset=\"https:\/\/zylinc.com\/wp-content\/uploads\/2025\/11\/chatgpt-image-21-nov-2025-13-24-49-1024x683.jpg 1024w, https:\/\/zylinc.com\/wp-content\/uploads\/2025\/11\/chatgpt-image-21-nov-2025-13-24-49-300x200.jpg 300w, https:\/\/zylinc.com\/wp-content\/uploads\/2025\/11\/chatgpt-image-21-nov-2025-13-24-49-768x512.jpg 768w, https:\/\/zylinc.com\/wp-content\/uploads\/2025\/11\/chatgpt-image-21-nov-2025-13-24-49.jpg 1536w\" sizes=\"(max-width: 1024px) 100vw, 1024px\" \/><\/figure><\/div>\n<\/div>\n<\/div>\n\n\n\n<div class=\"wp-block-columns has-light-grey-background-color has-background is-layout-flex wp-container-core-columns-is-layout-9d6595d7 wp-block-columns-is-layout-flex\">\n<div class=\"wp-block-column is-layout-flow wp-block-column-is-layout-flow\">\n<h2 class=\"wp-block-heading\">Kundesupport<\/h2>\n\n\n\n<p>Hvis du arbejder med Zylinc som kunde gennem en af vores partnere, bedes du bruge de supportkanaler, der er aftalt med din Zylinc-partner.<\/p>\n\n\n\n<p>Hvis du arbejder direkte med Zylinc, kan du oprette en supporthenvendelse eller ringe til os.<br>Email: <a href=\"mailto:support@zylinc.com\">support@zylinc.com<\/a> <br>Support: <a href=\"tel:+4588336645\">+45 8833 6645<\/a><\/p>\n\n\n\n<p>For yderligere sp\u00f8rgsm\u00e5l kontakt venligst <a href=\"mailto:info@zylinc.com\">info@zylinc.com<\/a><\/p>\n<\/div>\n\n\n\n<div class=\"wp-block-column is-layout-flow wp-block-column-is-layout-flow\">\n<h2 class=\"wp-block-heading\">Hovedkontor<\/h2>\n\n\n\n<p><strong>Zylinc A\/S<\/strong><br>Skelb\u00e6kgade 4, 2. sal<br>1717 K\u00f8benhavn V<br>Danmark<\/p>\n\n\n\n<p><br>CVR: 2888 8597<br>Telefon: <a href=\"tel:+4570232328\">+45 7023 2328<\/a><br>E-mail: <a href=\"mailto:info@zylinc.com\">info@zylinc.com<\/a><br><\/p>\n<\/div>\n<\/div>\n","protected":false},"excerpt":{"rendered":"<p>LinkedIn Skift kanal og f\u00f8lg os p\u00e5 LinkedIn. Events og messer M\u00f8d os til seminarer, ERFA-m\u00f8der, brugergrupper og messer. Eller meld dig til vores webinarer. P\u00e5 eventsiden kan du se kommende aktiviteter og tilmelde dig \u2013 en oplagt mulighed for at hente inspiration, f\u00e5 nye kontakter og dele erfaringer med andre. Artikler og white papers&nbsp; [&hellip;]<\/p>\n","protected":false},"author":12,"featured_media":0,"parent":0,"menu_order":20,"comment_status":"closed","ping_status":"closed","template":"","meta":{"content-type":"","footnotes":""},"class_list":["post-10788","page","type-page","status-publish","hentry"],"yoast_head":"<!-- This site is optimized with the Yoast SEO plugin v27.5 - https:\/\/yoast.com\/product\/yoast-seo-wordpress\/ -->\n<title>Zylinc Engage - Zylinc<\/title>\n<meta name=\"description\" content=\"Zylinc Engage samler nyheder, faglig viden, guides og events om kundeservice, teknologi og udviklingen i Zylincs univers. Se mere her.\" \/>\n<meta name=\"robots\" content=\"index, follow, max-snippet:-1, max-image-preview:large, max-video-preview:-1\" \/>\n<link rel=\"canonical\" href=\"https:\/\/zylinc.com\/da\/zylinc-engage\/\" \/>\n<meta property=\"og:locale\" content=\"da_DK\" \/>\n<meta property=\"og:type\" content=\"article\" \/>\n<meta property=\"og:title\" content=\"Zylinc Engage - Zylinc\" \/>\n<meta property=\"og:description\" content=\"Zylinc Engage samler nyheder, faglig viden, guides og events om kundeservice, teknologi og udviklingen i Zylincs univers. Se mere her.\" \/>\n<meta property=\"og:url\" content=\"https:\/\/zylinc.com\/da\/zylinc-engage\/\" \/>\n<meta property=\"og:site_name\" content=\"Zylinc\" \/>\n<meta property=\"article:modified_time\" content=\"2026-01-22T12:36:33+00:00\" \/>\n<meta property=\"og:image\" content=\"https:\/\/zylinc.com\/wp-content\/uploads\/2023\/08\/explaining-project-points_1098-15436.jpg\" \/>\n\t<meta property=\"og:image:width\" content=\"1800\" \/>\n\t<meta property=\"og:image:height\" content=\"1200\" \/>\n\t<meta property=\"og:image:type\" content=\"image\/jpeg\" \/>\n<meta name=\"twitter:card\" content=\"summary_large_image\" \/>\n<meta name=\"twitter:label1\" content=\"Estimeret l\u00e6setid\" \/>\n\t<meta name=\"twitter:data1\" content=\"3 minutter\" \/>\n<script type=\"application\/ld+json\" class=\"yoast-schema-graph\">{\"@context\":\"https:\\\/\\\/schema.org\",\"@graph\":[{\"@type\":\"WebPage\",\"@id\":\"https:\\\/\\\/zylinc.com\\\/da\\\/zylinc-engage\\\/\",\"url\":\"https:\\\/\\\/zylinc.com\\\/da\\\/zylinc-engage\\\/\",\"name\":\"Zylinc Engage - Zylinc\",\"isPartOf\":{\"@id\":\"https:\\\/\\\/zylinc.com\\\/da\\\/#website\"},\"primaryImageOfPage\":{\"@id\":\"https:\\\/\\\/zylinc.com\\\/da\\\/zylinc-engage\\\/#primaryimage\"},\"image\":{\"@id\":\"https:\\\/\\\/zylinc.com\\\/da\\\/zylinc-engage\\\/#primaryimage\"},\"thumbnailUrl\":\"https:\\\/\\\/zylinc.com\\\/wp-content\\\/uploads\\\/2023\\\/08\\\/explaining-project-points_1098-15436-1024x683.jpg\",\"datePublished\":\"2025-10-31T13:09:55+00:00\",\"dateModified\":\"2026-01-22T12:36:33+00:00\",\"description\":\"Zylinc Engage samler nyheder, faglig viden, guides og events om kundeservice, teknologi og udviklingen i Zylincs univers. Se mere her.\",\"breadcrumb\":{\"@id\":\"https:\\\/\\\/zylinc.com\\\/da\\\/zylinc-engage\\\/#breadcrumb\"},\"inLanguage\":\"da-DK\",\"potentialAction\":[{\"@type\":\"ReadAction\",\"target\":[\"https:\\\/\\\/zylinc.com\\\/da\\\/zylinc-engage\\\/\"]}]},{\"@type\":\"ImageObject\",\"inLanguage\":\"da-DK\",\"@id\":\"https:\\\/\\\/zylinc.com\\\/da\\\/zylinc-engage\\\/#primaryimage\",\"url\":\"https:\\\/\\\/zylinc.com\\\/wp-content\\\/uploads\\\/2023\\\/08\\\/explaining-project-points_1098-15436-1024x683.jpg\",\"contentUrl\":\"https:\\\/\\\/zylinc.com\\\/wp-content\\\/uploads\\\/2023\\\/08\\\/explaining-project-points_1098-15436-1024x683.jpg\"},{\"@type\":\"BreadcrumbList\",\"@id\":\"https:\\\/\\\/zylinc.com\\\/da\\\/zylinc-engage\\\/#breadcrumb\",\"itemListElement\":[{\"@type\":\"ListItem\",\"position\":1,\"name\":\"Home\",\"item\":\"https:\\\/\\\/zylinc.com\\\/da\\\/\"},{\"@type\":\"ListItem\",\"position\":2,\"name\":\"Zylinc Engage\"}]},{\"@type\":\"WebSite\",\"@id\":\"https:\\\/\\\/zylinc.com\\\/da\\\/#website\",\"url\":\"https:\\\/\\\/zylinc.com\\\/da\\\/\",\"name\":\"Zylinc\",\"description\":\"Contact Center solutions\",\"publisher\":{\"@id\":\"https:\\\/\\\/zylinc.com\\\/da\\\/#organization\"},\"potentialAction\":[{\"@type\":\"SearchAction\",\"target\":{\"@type\":\"EntryPoint\",\"urlTemplate\":\"https:\\\/\\\/zylinc.com\\\/da\\\/?s={search_term_string}\"},\"query-input\":{\"@type\":\"PropertyValueSpecification\",\"valueRequired\":true,\"valueName\":\"search_term_string\"}}],\"inLanguage\":\"da-DK\"},{\"@type\":\"Organization\",\"@id\":\"https:\\\/\\\/zylinc.com\\\/da\\\/#organization\",\"name\":\"Zylinc\",\"url\":\"https:\\\/\\\/zylinc.com\\\/da\\\/\",\"logo\":{\"@type\":\"ImageObject\",\"inLanguage\":\"da-DK\",\"@id\":\"https:\\\/\\\/zylinc.com\\\/da\\\/#\\\/schema\\\/logo\\\/image\\\/\",\"url\":\"https:\\\/\\\/zylinc.com\\\/wp-content\\\/uploads\\\/2022\\\/09\\\/zylinc_logo-2.svg\",\"contentUrl\":\"https:\\\/\\\/zylinc.com\\\/wp-content\\\/uploads\\\/2022\\\/09\\\/zylinc_logo-2.svg\",\"width\":1,\"height\":1,\"caption\":\"Zylinc\"},\"image\":{\"@id\":\"https:\\\/\\\/zylinc.com\\\/da\\\/#\\\/schema\\\/logo\\\/image\\\/\"},\"sameAs\":[\"https:\\\/\\\/www.linkedin.com\\\/company\\\/zylinc\"]}]}<\/script>\n<!-- \/ Yoast SEO plugin. -->","yoast_head_json":{"title":"Zylinc Engage - Zylinc","description":"Zylinc Engage samler nyheder, faglig viden, guides og events om kundeservice, teknologi og udviklingen i Zylincs univers. Se mere her.","robots":{"index":"index","follow":"follow","max-snippet":"max-snippet:-1","max-image-preview":"max-image-preview:large","max-video-preview":"max-video-preview:-1"},"canonical":"https:\/\/zylinc.com\/da\/zylinc-engage\/","og_locale":"da_DK","og_type":"article","og_title":"Zylinc Engage - Zylinc","og_description":"Zylinc Engage samler nyheder, faglig viden, guides og events om kundeservice, teknologi og udviklingen i Zylincs univers. Se mere her.","og_url":"https:\/\/zylinc.com\/da\/zylinc-engage\/","og_site_name":"Zylinc","article_modified_time":"2026-01-22T12:36:33+00:00","og_image":[{"width":1800,"height":1200,"url":"https:\/\/zylinc.com\/wp-content\/uploads\/2023\/08\/explaining-project-points_1098-15436.jpg","type":"image\/jpeg"}],"twitter_card":"summary_large_image","twitter_misc":{"Estimeret l\u00e6setid":"3 minutter"},"schema":{"@context":"https:\/\/schema.org","@graph":[{"@type":"WebPage","@id":"https:\/\/zylinc.com\/da\/zylinc-engage\/","url":"https:\/\/zylinc.com\/da\/zylinc-engage\/","name":"Zylinc Engage - Zylinc","isPartOf":{"@id":"https:\/\/zylinc.com\/da\/#website"},"primaryImageOfPage":{"@id":"https:\/\/zylinc.com\/da\/zylinc-engage\/#primaryimage"},"image":{"@id":"https:\/\/zylinc.com\/da\/zylinc-engage\/#primaryimage"},"thumbnailUrl":"https:\/\/zylinc.com\/wp-content\/uploads\/2023\/08\/explaining-project-points_1098-15436-1024x683.jpg","datePublished":"2025-10-31T13:09:55+00:00","dateModified":"2026-01-22T12:36:33+00:00","description":"Zylinc Engage samler nyheder, faglig viden, guides og events om kundeservice, teknologi og udviklingen i Zylincs univers. Se mere her.","breadcrumb":{"@id":"https:\/\/zylinc.com\/da\/zylinc-engage\/#breadcrumb"},"inLanguage":"da-DK","potentialAction":[{"@type":"ReadAction","target":["https:\/\/zylinc.com\/da\/zylinc-engage\/"]}]},{"@type":"ImageObject","inLanguage":"da-DK","@id":"https:\/\/zylinc.com\/da\/zylinc-engage\/#primaryimage","url":"https:\/\/zylinc.com\/wp-content\/uploads\/2023\/08\/explaining-project-points_1098-15436-1024x683.jpg","contentUrl":"https:\/\/zylinc.com\/wp-content\/uploads\/2023\/08\/explaining-project-points_1098-15436-1024x683.jpg"},{"@type":"BreadcrumbList","@id":"https:\/\/zylinc.com\/da\/zylinc-engage\/#breadcrumb","itemListElement":[{"@type":"ListItem","position":1,"name":"Home","item":"https:\/\/zylinc.com\/da\/"},{"@type":"ListItem","position":2,"name":"Zylinc Engage"}]},{"@type":"WebSite","@id":"https:\/\/zylinc.com\/da\/#website","url":"https:\/\/zylinc.com\/da\/","name":"Zylinc","description":"Contact Center solutions","publisher":{"@id":"https:\/\/zylinc.com\/da\/#organization"},"potentialAction":[{"@type":"SearchAction","target":{"@type":"EntryPoint","urlTemplate":"https:\/\/zylinc.com\/da\/?s={search_term_string}"},"query-input":{"@type":"PropertyValueSpecification","valueRequired":true,"valueName":"search_term_string"}}],"inLanguage":"da-DK"},{"@type":"Organization","@id":"https:\/\/zylinc.com\/da\/#organization","name":"Zylinc","url":"https:\/\/zylinc.com\/da\/","logo":{"@type":"ImageObject","inLanguage":"da-DK","@id":"https:\/\/zylinc.com\/da\/#\/schema\/logo\/image\/","url":"https:\/\/zylinc.com\/wp-content\/uploads\/2022\/09\/zylinc_logo-2.svg","contentUrl":"https:\/\/zylinc.com\/wp-content\/uploads\/2022\/09\/zylinc_logo-2.svg","width":1,"height":1,"caption":"Zylinc"},"image":{"@id":"https:\/\/zylinc.com\/da\/#\/schema\/logo\/image\/"},"sameAs":["https:\/\/www.linkedin.com\/company\/zylinc"]}]}},"_links":{"self":[{"href":"https:\/\/zylinc.com\/da\/wp-json\/wp\/v2\/pages\/10788","targetHints":{"allow":["GET"]}}],"collection":[{"href":"https:\/\/zylinc.com\/da\/wp-json\/wp\/v2\/pages"}],"about":[{"href":"https:\/\/zylinc.com\/da\/wp-json\/wp\/v2\/types\/page"}],"author":[{"embeddable":true,"href":"https:\/\/zylinc.com\/da\/wp-json\/wp\/v2\/users\/12"}],"replies":[{"embeddable":true,"href":"https:\/\/zylinc.com\/da\/wp-json\/wp\/v2\/comments?post=10788"}],"version-history":[{"count":29,"href":"https:\/\/zylinc.com\/da\/wp-json\/wp\/v2\/pages\/10788\/revisions"}],"predecessor-version":[{"id":11131,"href":"https:\/\/zylinc.com\/da\/wp-json\/wp\/v2\/pages\/10788\/revisions\/11131"}],"wp:attachment":[{"href":"https:\/\/zylinc.com\/da\/wp-json\/wp\/v2\/media?parent=10788"}],"curies":[{"name":"wp","href":"https:\/\/api.w.org\/{rel}","templated":true}]}}